{"id":857,"date":"2024-03-13T18:09:04","date_gmt":"2024-03-13T21:09:04","guid":{"rendered":"https:\/\/herbalife.kebronze.com.br\/?page_id=857"},"modified":"2024-03-13T18:40:21","modified_gmt":"2024-03-13T21:40:21","slug":"sopa-instantanea-frango-com-legumes-196g","status":"publish","type":"page","link":"https:\/\/herbalife.kebronze.com.br\/index.php\/sopa-instantanea-frango-com-legumes-196g\/","title":{"rendered":"Sopa Instant\u00e2nea Frango com Legumes 196g"},"content":{"rendered":"\t\t<div data-elementor-type=\"wp-page\" data-elementor-id=\"857\" class=\"elementor elementor-857\" data-elementor-post-type=\"page\">\n\t\t\t\t<div class=\"elementor-element elementor-element-229fd13 e-flex e-con-boxed e-con e-parent\" data-id=\"229fd13\" data-element_type=\"container\" data-settings=\"{&quot;content_width&quot;:&quot;boxed&quot;}\" data-core-v316-plus=\"true\">\n\t\t\t\t\t<div class=\"e-con-inner\">\n\t\t<div class=\"elementor-element elementor-element-1578714 e-con-full e-flex e-con e-child\" data-id=\"1578714\" data-element_type=\"container\" data-settings=\"{&quot;content_width&quot;:&quot;full&quot;}\">\n\t\t\t\t<div class=\"elementor-element elementor-element-2f32d63 elementor-widget elementor-widget-image\" data-id=\"2f32d63\" data-element_type=\"widget\" data-widget_type=\"image.default\">\n\t\t\t\t<div class=\"elementor-widget-container\">\n\t\t\t<style>\/*! elementor - v3.19.0 - 28-02-2024 *\/\n.elementor-widget-image{text-align:center}.elementor-widget-image a{display:inline-block}.elementor-widget-image a img[src$=\".svg\"]{width:48px}.elementor-widget-image img{vertical-align:middle;display:inline-block}<\/style>\t\t\t\t\t\t\t\t\t\t<img fetchpriority=\"high\" decoding=\"async\" width=\"303\" height=\"320\" src=\"https:\/\/herbalife.kebronze.com.br\/wp-content\/uploads\/2024\/03\/1m-1776-sopa-ins-1.webp\" class=\"attachment-large size-large wp-image-538\" alt=\"\" srcset=\"https:\/\/herbalife.kebronze.com.br\/wp-content\/uploads\/2024\/03\/1m-1776-sopa-ins-1.webp 303w, https:\/\/herbalife.kebronze.com.br\/wp-content\/uploads\/2024\/03\/1m-1776-sopa-ins-1-284x300.webp 284w, https:\/\/herbalife.kebronze.com.br\/wp-content\/uploads\/2024\/03\/1m-1776-sopa-ins-1-64x68.webp 64w\" sizes=\"(max-width: 303px) 100vw, 303px\" \/>\t\t\t\t\t\t\t\t\t\t\t\t\t<\/div>\n\t\t\t\t<\/div>\n\t\t\t\t<\/div>\n\t\t<div class=\"elementor-element elementor-element-e23c55b e-con-full e-flex e-con e-child\" data-id=\"e23c55b\" data-element_type=\"container\" data-settings=\"{&quot;content_width&quot;:&quot;full&quot;}\">\n\t\t\t\t<div class=\"elementor-element elementor-element-f080e27 elementor-widget elementor-widget-heading\" data-id=\"f080e27\" data-element_type=\"widget\" data-widget_type=\"heading.default\">\n\t\t\t\t<div class=\"elementor-widget-container\">\n\t\t\t<style>\/*! elementor - v3.19.0 - 28-02-2024 *\/\n.elementor-heading-title{padding:0;margin:0;line-height:1}.elementor-widget-heading .elementor-heading-title[class*=elementor-size-]>a{color:inherit;font-size:inherit;line-height:inherit}.elementor-widget-heading .elementor-heading-title.elementor-size-small{font-size:15px}.elementor-widget-heading .elementor-heading-title.elementor-size-medium{font-size:19px}.elementor-widget-heading .elementor-heading-title.elementor-size-large{font-size:29px}.elementor-widget-heading .elementor-heading-title.elementor-size-xl{font-size:39px}.elementor-widget-heading .elementor-heading-title.elementor-size-xxl{font-size:59px}<\/style><h2 class=\"elementor-heading-title elementor-size-default\">Sopa Instant\u00e2nea Frango com Legumes 196g\n<\/h2>\t\t<\/div>\n\t\t\t\t<\/div>\n\t\t\t\t<div class=\"elementor-element elementor-element-0bdf389 elementor-widget elementor-widget-text-editor\" data-id=\"0bdf389\" data-element_type=\"widget\" data-widget_type=\"text-editor.default\">\n\t\t\t\t<div class=\"elementor-widget-container\">\n\t\t\t<style>\/*! elementor - v3.19.0 - 28-02-2024 *\/\n.elementor-widget-text-editor.elementor-drop-cap-view-stacked .elementor-drop-cap{background-color:#69727d;color:#fff}.elementor-widget-text-editor.elementor-drop-cap-view-framed .elementor-drop-cap{color:#69727d;border:3px solid;background-color:transparent}.elementor-widget-text-editor:not(.elementor-drop-cap-view-default) .elementor-drop-cap{margin-top:8px}.elementor-widget-text-editor:not(.elementor-drop-cap-view-default) .elementor-drop-cap-letter{width:1em;height:1em}.elementor-widget-text-editor .elementor-drop-cap{float:left;text-align:center;line-height:1;font-size:50px}.elementor-widget-text-editor .elementor-drop-cap-letter{display:inline-block}<\/style>\t\t\t\t<div class=\"elementor-element elementor-element-2cb9e1e elementor-widget elementor-widget-text-editor\" data-id=\"2cb9e1e\" data-element_type=\"widget\" data-widget_type=\"text-editor.default\"><div class=\"elementor-widget-container\"><p>Obs: caso seu sabor n\u00e3o seja esse, fale agora mesmo qual sabor voc\u00ea deseja clicando no bot\u00e3o abaixo\u00a0<\/p><\/div><\/div><div class=\"elementor-element elementor-element-de12f15 elementor-align-left elementor-widget elementor-widget-button\" data-id=\"de12f15\" data-element_type=\"widget\" data-widget_type=\"button.default\"><div class=\"elementor-widget-container\"><div class=\"elementor-button-wrapper\">\u00a0<\/div><\/div><\/div>\t\t\t\t\t\t<\/div>\n\t\t\t\t<\/div>\n\t\t\t\t<div class=\"elementor-element elementor-element-014ea02 elementor-align-left elementor-widget elementor-widget-button\" data-id=\"014ea02\" data-element_type=\"widget\" data-widget_type=\"button.default\">\n\t\t\t\t<div class=\"elementor-widget-container\">\n\t\t\t\t\t<div class=\"elementor-button-wrapper\">\n\t\t\t<a class=\"elementor-button elementor-button-link elementor-size-sm\" href=\"#\">\n\t\t\t\t\t\t<span class=\"elementor-button-content-wrapper\">\n\t\t\t\t\t\t<span class=\"elementor-button-text\">Quero adiquirir<\/span>\n\t\t<\/span>\n\t\t\t\t\t<\/a>\n\t\t<\/div>\n\t\t\t\t<\/div>\n\t\t\t\t<\/div>\n\t\t\t\t<\/div>\n\t\t\t\t\t<\/div>\n\t\t\t\t<\/div>\n\t\t<div class=\"elementor-element elementor-element-950e63d e-flex e-con-boxed e-con e-parent\" data-id=\"950e63d\" data-element_type=\"container\" data-settings=\"{&quot;background_background&quot;:&quot;classic&quot;,&quot;content_width&quot;:&quot;boxed&quot;}\" data-core-v316-plus=\"true\">\n\t\t\t\t\t<div class=\"e-con-inner\">\n\t\t\t\t\t<\/div>\n\t\t\t\t<\/div>\n\t\t<div class=\"elementor-element elementor-element-1f94950 e-flex e-con-boxed e-con e-parent\" data-id=\"1f94950\" data-element_type=\"container\" data-settings=\"{&quot;content_width&quot;:&quot;boxed&quot;}\" data-core-v316-plus=\"true\">\n\t\t\t\t\t<div class=\"e-con-inner\">\n\t\t<div class=\"elementor-element elementor-element-a705d01 e-con-full e-flex e-con e-child\" data-id=\"a705d01\" data-element_type=\"container\" data-settings=\"{&quot;content_width&quot;:&quot;full&quot;}\">\n\t\t\t\t<div class=\"elementor-element elementor-element-0122d97 elementor-widget elementor-widget-heading\" data-id=\"0122d97\" data-element_type=\"widget\" data-widget_type=\"heading.default\">\n\t\t\t\t<div class=\"elementor-widget-container\">\n\t\t\t<h2 class=\"elementor-heading-title elementor-size-default\">SOPAS INSTANT\u00c2NEAS | SABOR E NUTRI\u00c7\u00c3O<\/h2>\t\t<\/div>\n\t\t\t\t<\/div>\n\t\t\t\t<div class=\"elementor-element elementor-element-8ec61a5 elementor-widget elementor-widget-text-editor\" data-id=\"8ec61a5\" data-element_type=\"widget\" data-widget_type=\"text-editor.default\">\n\t\t\t\t<div class=\"elementor-widget-container\">\n\t\t\t\t\t\t\t<p>Cremosas e saborosas, s\u00e3o preparadas com grande variedade de ingredientes e temperos naturais.<\/p><p>Tem em m\u00e9dia 5,1 g de prote\u00edna por por\u00e7\u00e3o de prote\u00ednas de alto valor biol\u00f3gico, fonte de fibras que ajudam no bom funcionamento do intestino.<\/p><p>Sem gordura trans e com baixo teor de gorduras saturadas, ajudam a reduzir os picos de fome entre as refei\u00e7\u00f5es.<\/p><p>Alimento com apenas 90 calorias por sach\u00ea, rica em vitaminas e minerais, reduzido teor de s\u00f3dio.<\/p>\t\t\t\t\t\t<\/div>\n\t\t\t\t<\/div>\n\t\t\t\t<\/div>\n\t\t<div class=\"elementor-element elementor-element-291a3b4 e-con-full e-flex e-con e-child\" data-id=\"291a3b4\" data-element_type=\"container\" data-settings=\"{&quot;content_width&quot;:&quot;full&quot;}\">\n\t\t\t\t<div class=\"elementor-element elementor-element-ad79b41 elementor-widget elementor-widget-heading\" data-id=\"ad79b41\" data-element_type=\"widget\" data-widget_type=\"heading.default\">\n\t\t\t\t<div class=\"elementor-widget-container\">\n\t\t\t<h2 class=\"elementor-heading-title elementor-size-default\">COMO FUNCIONA?\n<\/h2>\t\t<\/div>\n\t\t\t\t<\/div>\n\t\t\t\t<div class=\"elementor-element elementor-element-8c27921 elementor-widget elementor-widget-text-editor\" data-id=\"8c27921\" data-element_type=\"widget\" data-widget_type=\"text-editor.default\">\n\t\t\t\t<div class=\"elementor-widget-container\">\n\t\t\t\t\t\t\t<section id=\"bannerprod1\"><div class=\"container py-5\"><div class=\"row mob-remove-br\"><div class=\"col-lg-6\"><p>As Sopas Instant\u00e2neas Herbalife Nutrition* s\u00e3o uma op\u00e7\u00e3o pr\u00e1tica e nutritiva para os lanches intermedi\u00e1rios ou entradas de refei\u00e7\u00f5es principais. Al\u00e9m de cremosas, saborosas e preparadas com uma variedade de ingredientes, s\u00e3o fontes de fibras e ricas em vitaminas e minerais.<\/p><p>Alguns ingredientes das Sopas Instant\u00e2neas Herbalife Nutrition s\u00e3o produzidos por meio da t\u00e9cnica de Liofiliza\u00e7\u00e3o, um processo de desidrata\u00e7\u00e3o dos alimentos que ajuda a preservar o valor nutricional e saboresoriginais.<\/p><p>Al\u00e9m disso, \u00e9 poss\u00edvel adicionar temperos naturais, ervas e pimenta a gosto, para deix\u00e1-las ainda mais saborosas!<\/p><p>\u00a0<\/p><p>\u00a0<\/p><\/div><\/div><\/div><\/section><section id=\"bannerprod2\" class=\"bg-green\"><div class=\"container\"><div class=\"row d-flex align-items-center\"><div class=\"col-lg-6 align-self-stretch\"><div class=\"img-back h-100\">\u00a0<\/div><\/div><div class=\"col-lg-6 py-4 py-lg-3 text-center text-lg-left\"><h5 class=\"text-white upper fblack mb-4\">COMO PREPARAR<\/h5><\/div><\/div><\/div><\/section>\t\t\t\t\t\t<\/div>\n\t\t\t\t<\/div>\n\t\t\t\t<\/div>\n\t\t\t\t\t<\/div>\n\t\t\t\t<\/div>\n\t\t<div class=\"elementor-element elementor-element-9e86850 e-flex e-con-boxed e-con e-parent\" data-id=\"9e86850\" data-element_type=\"container\" data-settings=\"{&quot;background_background&quot;:&quot;classic&quot;,&quot;content_width&quot;:&quot;boxed&quot;}\" data-core-v316-plus=\"true\">\n\t\t\t\t\t<div class=\"e-con-inner\">\n\t\t<div class=\"elementor-element elementor-element-937a856 e-con-full e-flex e-con e-child\" data-id=\"937a856\" data-element_type=\"container\" data-settings=\"{&quot;content_width&quot;:&quot;full&quot;}\">\n\t\t\t\t<div class=\"elementor-element elementor-element-13a59c3 elementor-widget elementor-widget-image\" data-id=\"13a59c3\" data-element_type=\"widget\" data-widget_type=\"image.default\">\n\t\t\t\t<div class=\"elementor-widget-container\">\n\t\t\t\t\t\t\t\t\t\t\t\t\t<img decoding=\"async\" width=\"690\" height=\"510\" src=\"https:\/\/herbalife.kebronze.com.br\/wp-content\/uploads\/2024\/03\/58-3246c-sopa-instantanea-fr.png\" class=\"attachment-large size-large wp-image-873\" alt=\"\" srcset=\"https:\/\/herbalife.kebronze.com.br\/wp-content\/uploads\/2024\/03\/58-3246c-sopa-instantanea-fr.png 690w, https:\/\/herbalife.kebronze.com.br\/wp-content\/uploads\/2024\/03\/58-3246c-sopa-instantanea-fr-300x222.png 300w\" sizes=\"(max-width: 690px) 100vw, 690px\" \/>\t\t\t\t\t\t\t\t\t\t\t\t\t<\/div>\n\t\t\t\t<\/div>\n\t\t\t\t<\/div>\n\t\t<div class=\"elementor-element elementor-element-08e1351 e-con-full e-flex e-con e-child\" data-id=\"08e1351\" data-element_type=\"container\" data-settings=\"{&quot;content_width&quot;:&quot;full&quot;}\">\n\t\t\t\t<div class=\"elementor-element elementor-element-cdac57a elementor-widget elementor-widget-image\" data-id=\"cdac57a\" data-element_type=\"widget\" data-widget_type=\"image.default\">\n\t\t\t\t<div class=\"elementor-widget-container\">\n\t\t\t\t\t\t\t\t\t\t\t\t\t<img decoding=\"async\" width=\"530\" height=\"300\" src=\"https:\/\/herbalife.kebronze.com.br\/wp-content\/uploads\/2024\/03\/58-7203b-sopa-instantanea-fr.png\" class=\"attachment-large size-large wp-image-877\" alt=\"\" srcset=\"https:\/\/herbalife.kebronze.com.br\/wp-content\/uploads\/2024\/03\/58-7203b-sopa-instantanea-fr.png 530w, https:\/\/herbalife.kebronze.com.br\/wp-content\/uploads\/2024\/03\/58-7203b-sopa-instantanea-fr-300x170.png 300w\" sizes=\"(max-width: 530px) 100vw, 530px\" \/>\t\t\t\t\t\t\t\t\t\t\t\t\t<\/div>\n\t\t\t\t<\/div>\n\t\t\t\t<\/div>\n\t\t\t\t\t<\/div>\n\t\t\t\t<\/div>\n\t\t<div class=\"elementor-element elementor-element-5cf1ad2 e-flex e-con-boxed e-con e-parent\" data-id=\"5cf1ad2\" data-element_type=\"container\" data-settings=\"{&quot;content_width&quot;:&quot;boxed&quot;}\" data-core-v316-plus=\"true\">\n\t\t\t\t\t<div class=\"e-con-inner\">\n\t\t\t\t<div class=\"elementor-element elementor-element-ebbaf63 elementor-widget elementor-widget-heading\" data-id=\"ebbaf63\" data-element_type=\"widget\" data-widget_type=\"heading.default\">\n\t\t\t\t<div class=\"elementor-widget-container\">\n\t\t\t<h2 class=\"elementor-heading-title elementor-size-default\">INFORMA\u00c7\u00c3O NUTRICIONAL\n<\/h2>\t\t<\/div>\n\t\t\t\t<\/div>\n\t\t\t\t<div class=\"elementor-element elementor-element-b7f7200 elementor-widget elementor-widget-image\" data-id=\"b7f7200\" data-element_type=\"widget\" data-widget_type=\"image.default\">\n\t\t\t\t<div class=\"elementor-widget-container\">\n\t\t\t\t\t\t\t\t\t\t\t\t\t<img loading=\"lazy\" decoding=\"async\" width=\"800\" height=\"578\" src=\"https:\/\/herbalife.kebronze.com.br\/wp-content\/uploads\/2024\/03\/58mob-4975d-sopa-instantanea.png\" class=\"attachment-large size-large wp-image-881\" alt=\"\" srcset=\"https:\/\/herbalife.kebronze.com.br\/wp-content\/uploads\/2024\/03\/58mob-4975d-sopa-instantanea.png 1000w, https:\/\/herbalife.kebronze.com.br\/wp-content\/uploads\/2024\/03\/58mob-4975d-sopa-instantanea-300x217.png 300w, https:\/\/herbalife.kebronze.com.br\/wp-content\/uploads\/2024\/03\/58mob-4975d-sopa-instantanea-768x554.png 768w\" sizes=\"(max-width: 800px) 100vw, 800px\" \/>\t\t\t\t\t\t\t\t\t\t\t\t\t<\/div>\n\t\t\t\t<\/div>\n\t\t\t\t\t<\/div>\n\t\t\t\t<\/div>\n\t\t\t\t<\/div>\n\t\t","protected":false},"excerpt":{"rendered":"<p>Sopa Instant\u00e2nea Frango com Legumes 196g Obs: caso seu sabor n\u00e3o seja esse, fale agora mesmo qual sabor voc\u00ea deseja clicando no bot\u00e3o abaixo\u00a0 \u00a0 Quero adiquirir SOPAS INSTANT\u00c2NEAS | SABOR E NUTRI\u00c7\u00c3O Cremosas e saborosas, s\u00e3o preparadas com grande variedade de ingredientes e temperos naturais. Tem em m\u00e9dia 5,1 g de prote\u00edna por por\u00e7\u00e3o [&hellip;]<\/p>\n","protected":false},"author":1,"featured_media":0,"parent":0,"menu_order":0,"comment_status":"closed","ping_status":"closed","template":"elementor_header_footer","meta":{"footnotes":""},"_links":{"self":[{"href":"https:\/\/herbalife.kebronze.com.br\/index.php\/wp-json\/wp\/v2\/pages\/857"}],"collection":[{"href":"https:\/\/herbalife.kebronze.com.br\/index.php\/wp-json\/wp\/v2\/pages"}],"about":[{"href":"https:\/\/herbalife.kebronze.com.br\/index.php\/wp-json\/wp\/v2\/types\/page"}],"author":[{"embeddable":true,"href":"https:\/\/herbalife.kebronze.com.br\/index.php\/wp-json\/wp\/v2\/users\/1"}],"replies":[{"embeddable":true,"href":"https:\/\/herbalife.kebronze.com.br\/index.php\/wp-json\/wp\/v2\/comments?post=857"}],"version-history":[{"count":25,"href":"https:\/\/herbalife.kebronze.com.br\/index.php\/wp-json\/wp\/v2\/pages\/857\/revisions"}],"predecessor-version":[{"id":887,"href":"https:\/\/herbalife.kebronze.com.br\/index.php\/wp-json\/wp\/v2\/pages\/857\/revisions\/887"}],"wp:attachment":[{"href":"https:\/\/herbalife.kebronze.com.br\/index.php\/wp-json\/wp\/v2\/media?parent=857"}],"curies":[{"name":"wp","href":"https:\/\/api.w.org\/{rel}","templated":true}]}}