{"id":14,"date":"2024-03-07T11:07:19","date_gmt":"2024-03-07T14:07:19","guid":{"rendered":"https:\/\/herbalife.kebronze.com.br\/?page_id=14"},"modified":"2024-03-08T18:24:31","modified_gmt":"2024-03-08T21:24:31","slug":"fibras","status":"publish","type":"page","link":"https:\/\/herbalife.kebronze.com.br\/index.php\/fibras\/","title":{"rendered":"FIBRAS"},"content":{"rendered":"\t\t<div data-elementor-type=\"wp-page\" data-elementor-id=\"14\" class=\"elementor elementor-14\" data-elementor-post-type=\"page\">\n\t\t\t\t<div class=\"elementor-element elementor-element-8bae208 e-flex e-con-boxed e-con e-parent\" data-id=\"8bae208\" data-element_type=\"container\" data-settings=\"{&quot;background_background&quot;:&quot;classic&quot;,&quot;content_width&quot;:&quot;boxed&quot;}\" data-core-v316-plus=\"true\">\n\t\t\t\t\t<div class=\"e-con-inner\">\n\t\t\t\t<div class=\"elementor-element elementor-element-25737c9 elementor-widget elementor-widget-heading\" data-id=\"25737c9\" data-element_type=\"widget\" data-widget_type=\"heading.default\">\n\t\t\t\t<div class=\"elementor-widget-container\">\n\t\t\t<style>\/*! elementor - v3.19.0 - 28-02-2024 *\/\n.elementor-heading-title{padding:0;margin:0;line-height:1}.elementor-widget-heading .elementor-heading-title[class*=elementor-size-]>a{color:inherit;font-size:inherit;line-height:inherit}.elementor-widget-heading .elementor-heading-title.elementor-size-small{font-size:15px}.elementor-widget-heading .elementor-heading-title.elementor-size-medium{font-size:19px}.elementor-widget-heading .elementor-heading-title.elementor-size-large{font-size:29px}.elementor-widget-heading .elementor-heading-title.elementor-size-xl{font-size:39px}.elementor-widget-heading .elementor-heading-title.elementor-size-xxl{font-size:59px}<\/style><h2 class=\"elementor-heading-title elementor-size-default\">FIBRAS<\/h2>\t\t<\/div>\n\t\t\t\t<\/div>\n\t\t\t\t\t<\/div>\n\t\t\t\t<\/div>\n\t\t<div class=\"elementor-element elementor-element-57fc5f9 e-flex e-con-boxed e-con e-parent\" data-id=\"57fc5f9\" data-element_type=\"container\" data-settings=\"{&quot;background_background&quot;:&quot;classic&quot;,&quot;content_width&quot;:&quot;boxed&quot;}\" data-core-v316-plus=\"true\">\n\t\t\t\t\t<div class=\"e-con-inner\">\n\t\t<div class=\"elementor-element elementor-element-6861ff5 e-flex e-con-boxed e-con e-child\" data-id=\"6861ff5\" data-element_type=\"container\" data-settings=\"{&quot;background_background&quot;:&quot;classic&quot;,&quot;content_width&quot;:&quot;boxed&quot;}\">\n\t\t\t\t\t<div class=\"e-con-inner\">\n\t\t\t\t<div class=\"elementor-element elementor-element-fe4f0b8 elementor-widget elementor-widget-image\" data-id=\"fe4f0b8\" data-element_type=\"widget\" data-widget_type=\"image.default\">\n\t\t\t\t<div class=\"elementor-widget-container\">\n\t\t\t<style>\/*! elementor - v3.19.0 - 28-02-2024 *\/\n.elementor-widget-image{text-align:center}.elementor-widget-image a{display:inline-block}.elementor-widget-image a img[src$=\".svg\"]{width:48px}.elementor-widget-image img{vertical-align:middle;display:inline-block}<\/style>\t\t\t\t\t\t\t\t\t\t<img fetchpriority=\"high\" decoding=\"async\" width=\"550\" height=\"580\" src=\"https:\/\/herbalife.kebronze.com.br\/wp-content\/uploads\/2024\/03\/2h-5130-fiber-co-1.webp\" class=\"attachment-large size-large wp-image-401\" alt=\"\" srcset=\"https:\/\/herbalife.kebronze.com.br\/wp-content\/uploads\/2024\/03\/2h-5130-fiber-co-1.webp 550w, https:\/\/herbalife.kebronze.com.br\/wp-content\/uploads\/2024\/03\/2h-5130-fiber-co-1-284x300.webp 284w, https:\/\/herbalife.kebronze.com.br\/wp-content\/uploads\/2024\/03\/2h-5130-fiber-co-1-64x67.webp 64w\" sizes=\"(max-width: 550px) 100vw, 550px\" \/>\t\t\t\t\t\t\t\t\t\t\t\t\t<\/div>\n\t\t\t\t<\/div>\n\t\t\t\t<div class=\"elementor-element elementor-element-edcfdef elementor-widget elementor-widget-heading\" data-id=\"edcfdef\" data-element_type=\"widget\" data-widget_type=\"heading.default\">\n\t\t\t\t<div class=\"elementor-widget-container\">\n\t\t\t<h2 class=\"elementor-heading-title elementor-size-default\">Fiber Concentrate Immune Sabor Lim\u00e3o e Mel 450ml\n<\/h2>\t\t<\/div>\n\t\t\t\t<\/div>\n\t\t\t\t<div class=\"elementor-element elementor-element-9f1b511 elementor-widget elementor-widget-heading\" data-id=\"9f1b511\" data-element_type=\"widget\" data-widget_type=\"heading.default\">\n\t\t\t\t<div class=\"elementor-widget-container\">\n\t\t\t<h2 class=\"elementor-heading-title elementor-size-default\">SKU 235K\n\n\n\n<\/h2>\t\t<\/div>\n\t\t\t\t<\/div>\n\t\t\t\t<div class=\"elementor-element elementor-element-10dfd8c elementor-align-center elementor-widget elementor-widget-button\" data-id=\"10dfd8c\" data-element_type=\"widget\" data-widget_type=\"button.default\">\n\t\t\t\t<div class=\"elementor-widget-container\">\n\t\t\t\t\t<div class=\"elementor-button-wrapper\">\n\t\t\t<a class=\"elementor-button elementor-button-link elementor-size-sm\" href=\"#\">\n\t\t\t\t\t\t<span class=\"elementor-button-content-wrapper\">\n\t\t\t\t\t\t<span class=\"elementor-button-text\">saiba mais<\/span>\n\t\t<\/span>\n\t\t\t\t\t<\/a>\n\t\t<\/div>\n\t\t\t\t<\/div>\n\t\t\t\t<\/div>\n\t\t\t\t\t<\/div>\n\t\t\t\t<\/div>\n\t\t<div class=\"elementor-element elementor-element-8881580 e-flex e-con-boxed e-con e-child\" data-id=\"8881580\" data-element_type=\"container\" data-settings=\"{&quot;background_background&quot;:&quot;classic&quot;,&quot;content_width&quot;:&quot;boxed&quot;}\">\n\t\t\t\t\t<div class=\"e-con-inner\">\n\t\t\t\t<div class=\"elementor-element elementor-element-a9616e6 elementor-widget elementor-widget-image\" data-id=\"a9616e6\" data-element_type=\"widget\" data-widget_type=\"image.default\">\n\t\t\t\t<div class=\"elementor-widget-container\">\n\t\t\t\t\t\t\t\t\t\t\t\t\t<img decoding=\"async\" width=\"320\" height=\"320\" src=\"https:\/\/herbalife.kebronze.com.br\/wp-content\/uploads\/2024\/03\/1d-5936-fiber-co.webp\" class=\"attachment-large size-large wp-image-402\" alt=\"\" srcset=\"https:\/\/herbalife.kebronze.com.br\/wp-content\/uploads\/2024\/03\/1d-5936-fiber-co.webp 320w, https:\/\/herbalife.kebronze.com.br\/wp-content\/uploads\/2024\/03\/1d-5936-fiber-co-300x300.webp 300w, https:\/\/herbalife.kebronze.com.br\/wp-content\/uploads\/2024\/03\/1d-5936-fiber-co-150x150.webp 150w, https:\/\/herbalife.kebronze.com.br\/wp-content\/uploads\/2024\/03\/1d-5936-fiber-co-100x100.webp 100w, https:\/\/herbalife.kebronze.com.br\/wp-content\/uploads\/2024\/03\/1d-5936-fiber-co-64x64.webp 64w\" sizes=\"(max-width: 320px) 100vw, 320px\" \/>\t\t\t\t\t\t\t\t\t\t\t\t\t<\/div>\n\t\t\t\t<\/div>\n\t\t\t\t<div class=\"elementor-element elementor-element-035a124 elementor-widget elementor-widget-heading\" data-id=\"035a124\" data-element_type=\"widget\" data-widget_type=\"heading.default\">\n\t\t\t\t<div class=\"elementor-widget-container\">\n\t\t\t<h2 class=\"elementor-heading-title elementor-size-default\">Fiber Concentrate Sabor Manga 450ml\n<\/h2>\t\t<\/div>\n\t\t\t\t<\/div>\n\t\t\t\t<div class=\"elementor-element elementor-element-7159b3b elementor-widget elementor-widget-heading\" data-id=\"7159b3b\" data-element_type=\"widget\" data-widget_type=\"heading.default\">\n\t\t\t\t<div class=\"elementor-widget-container\">\n\t\t\t<h2 class=\"elementor-heading-title elementor-size-default\">SKU 0945\n\n\n<\/h2>\t\t<\/div>\n\t\t\t\t<\/div>\n\t\t\t\t<div class=\"elementor-element elementor-element-c4b13b6 elementor-align-center elementor-widget elementor-widget-button\" data-id=\"c4b13b6\" data-element_type=\"widget\" data-widget_type=\"button.default\">\n\t\t\t\t<div class=\"elementor-widget-container\">\n\t\t\t\t\t<div class=\"elementor-button-wrapper\">\n\t\t\t<a class=\"elementor-button elementor-button-link elementor-size-sm\" href=\"#\">\n\t\t\t\t\t\t<span class=\"elementor-button-content-wrapper\">\n\t\t\t\t\t\t<span class=\"elementor-button-text\">saiba mais<\/span>\n\t\t<\/span>\n\t\t\t\t\t<\/a>\n\t\t<\/div>\n\t\t\t\t<\/div>\n\t\t\t\t<\/div>\n\t\t\t\t\t<\/div>\n\t\t\t\t<\/div>\n\t\t<div class=\"elementor-element elementor-element-570b4bc e-flex e-con-boxed e-con e-child\" data-id=\"570b4bc\" data-element_type=\"container\" data-settings=\"{&quot;background_background&quot;:&quot;classic&quot;,&quot;content_width&quot;:&quot;boxed&quot;}\">\n\t\t\t\t\t<div class=\"e-con-inner\">\n\t\t\t\t<div class=\"elementor-element elementor-element-bc6cb25 elementor-widget elementor-widget-image\" data-id=\"bc6cb25\" data-element_type=\"widget\" data-widget_type=\"image.default\">\n\t\t\t\t<div class=\"elementor-widget-container\">\n\t\t\t\t\t\t\t\t\t\t\t\t\t<img decoding=\"async\" width=\"320\" height=\"320\" src=\"https:\/\/herbalife.kebronze.com.br\/wp-content\/uploads\/2024\/03\/1y-3814-fiber-co.webp\" class=\"attachment-large size-large wp-image-403\" alt=\"\" srcset=\"https:\/\/herbalife.kebronze.com.br\/wp-content\/uploads\/2024\/03\/1y-3814-fiber-co.webp 320w, https:\/\/herbalife.kebronze.com.br\/wp-content\/uploads\/2024\/03\/1y-3814-fiber-co-300x300.webp 300w, https:\/\/herbalife.kebronze.com.br\/wp-content\/uploads\/2024\/03\/1y-3814-fiber-co-150x150.webp 150w, https:\/\/herbalife.kebronze.com.br\/wp-content\/uploads\/2024\/03\/1y-3814-fiber-co-100x100.webp 100w, https:\/\/herbalife.kebronze.com.br\/wp-content\/uploads\/2024\/03\/1y-3814-fiber-co-64x64.webp 64w\" sizes=\"(max-width: 320px) 100vw, 320px\" \/>\t\t\t\t\t\t\t\t\t\t\t\t\t<\/div>\n\t\t\t\t<\/div>\n\t\t\t\t<div class=\"elementor-element elementor-element-695e090 elementor-widget elementor-widget-heading\" data-id=\"695e090\" data-element_type=\"widget\" data-widget_type=\"heading.default\">\n\t\t\t\t<div class=\"elementor-widget-container\">\n\t\t\t<h2 class=\"elementor-heading-title elementor-size-default\">Fiber Concentrate Sabor Uva 450ml\n<\/h2>\t\t<\/div>\n\t\t\t\t<\/div>\n\t\t\t\t<div class=\"elementor-element elementor-element-aba1a8f elementor-widget elementor-widget-heading\" data-id=\"aba1a8f\" data-element_type=\"widget\" data-widget_type=\"heading.default\">\n\t\t\t\t<div class=\"elementor-widget-container\">\n\t\t\t<h2 class=\"elementor-heading-title elementor-size-default\">SKU 2140\n\n\n\n<\/h2>\t\t<\/div>\n\t\t\t\t<\/div>\n\t\t\t\t<div class=\"elementor-element elementor-element-833a228 elementor-align-center elementor-widget elementor-widget-button\" data-id=\"833a228\" data-element_type=\"widget\" data-widget_type=\"button.default\">\n\t\t\t\t<div class=\"elementor-widget-container\">\n\t\t\t\t\t<div class=\"elementor-button-wrapper\">\n\t\t\t<a class=\"elementor-button elementor-button-link elementor-size-sm\" href=\"#\">\n\t\t\t\t\t\t<span class=\"elementor-button-content-wrapper\">\n\t\t\t\t\t\t<span class=\"elementor-button-text\">saiba mais<\/span>\n\t\t<\/span>\n\t\t\t\t\t<\/a>\n\t\t<\/div>\n\t\t\t\t<\/div>\n\t\t\t\t<\/div>\n\t\t\t\t\t<\/div>\n\t\t\t\t<\/div>\n\t\t<div class=\"elementor-element elementor-element-f9eb45a e-flex e-con-boxed e-con e-child\" data-id=\"f9eb45a\" data-element_type=\"container\" data-settings=\"{&quot;background_background&quot;:&quot;classic&quot;,&quot;content_width&quot;:&quot;boxed&quot;}\">\n\t\t\t\t\t<div class=\"e-con-inner\">\n\t\t\t\t<div class=\"elementor-element elementor-element-23df16b elementor-widget elementor-widget-image\" data-id=\"23df16b\" data-element_type=\"widget\" data-widget_type=\"image.default\">\n\t\t\t\t<div class=\"elementor-widget-container\">\n\t\t\t\t\t\t\t\t\t\t\t\t\t<img loading=\"lazy\" decoding=\"async\" width=\"303\" height=\"320\" src=\"https:\/\/herbalife.kebronze.com.br\/wp-content\/uploads\/2024\/03\/18-7388-fiber-po.webp\" class=\"attachment-large size-large wp-image-404\" alt=\"\" srcset=\"https:\/\/herbalife.kebronze.com.br\/wp-content\/uploads\/2024\/03\/18-7388-fiber-po.webp 303w, https:\/\/herbalife.kebronze.com.br\/wp-content\/uploads\/2024\/03\/18-7388-fiber-po-284x300.webp 284w, https:\/\/herbalife.kebronze.com.br\/wp-content\/uploads\/2024\/03\/18-7388-fiber-po-64x68.webp 64w\" sizes=\"(max-width: 303px) 100vw, 303px\" \/>\t\t\t\t\t\t\t\t\t\t\t\t\t<\/div>\n\t\t\t\t<\/div>\n\t\t\t\t<div class=\"elementor-element elementor-element-48d44b2 elementor-widget elementor-widget-heading\" data-id=\"48d44b2\" data-element_type=\"widget\" data-widget_type=\"heading.default\">\n\t\t\t\t<div class=\"elementor-widget-container\">\n\t\t\t<h2 class=\"elementor-heading-title elementor-size-default\">Fiber Powder 275g\n<\/h2>\t\t<\/div>\n\t\t\t\t<\/div>\n\t\t\t\t<div class=\"elementor-element elementor-element-23efd89 elementor-widget elementor-widget-heading\" data-id=\"23efd89\" data-element_type=\"widget\" data-widget_type=\"heading.default\">\n\t\t\t\t<div class=\"elementor-widget-container\">\n\t\t\t<h2 class=\"elementor-heading-title elementor-size-default\">SKU 0927\n\n\n<\/h2>\t\t<\/div>\n\t\t\t\t<\/div>\n\t\t\t\t<div class=\"elementor-element elementor-element-0dba90c elementor-align-center elementor-widget elementor-widget-button\" data-id=\"0dba90c\" data-element_type=\"widget\" data-widget_type=\"button.default\">\n\t\t\t\t<div class=\"elementor-widget-container\">\n\t\t\t\t\t<div class=\"elementor-button-wrapper\">\n\t\t\t<a class=\"elementor-button elementor-button-link elementor-size-sm\" href=\"https:\/\/herbalife.kebronze.com.br\/index.php\/fiber\/\">\n\t\t\t\t\t\t<span class=\"elementor-button-content-wrapper\">\n\t\t\t\t\t\t<span class=\"elementor-button-text\">saiba mais<\/span>\n\t\t<\/span>\n\t\t\t\t\t<\/a>\n\t\t<\/div>\n\t\t\t\t<\/div>\n\t\t\t\t<\/div>\n\t\t\t\t\t<\/div>\n\t\t\t\t<\/div>\n\t\t<div class=\"elementor-element elementor-element-2e4662c e-flex e-con-boxed e-con e-child\" data-id=\"2e4662c\" data-element_type=\"container\" data-settings=\"{&quot;background_background&quot;:&quot;classic&quot;,&quot;content_width&quot;:&quot;boxed&quot;}\">\n\t\t\t\t\t<div class=\"e-con-inner\">\n\t\t\t\t<div class=\"elementor-element elementor-element-69f4c68 elementor-widget elementor-widget-image\" data-id=\"69f4c68\" data-element_type=\"widget\" data-widget_type=\"image.default\">\n\t\t\t\t<div class=\"elementor-widget-container\">\n\t\t\t\t\t\t\t\t\t\t\t\t\t<img loading=\"lazy\" decoding=\"async\" width=\"303\" height=\"320\" src=\"https:\/\/herbalife.kebronze.com.br\/wp-content\/uploads\/2024\/03\/6-9830-fiberbond.webp\" class=\"attachment-large size-large wp-image-405\" alt=\"\" srcset=\"https:\/\/herbalife.kebronze.com.br\/wp-content\/uploads\/2024\/03\/6-9830-fiberbond.webp 303w, https:\/\/herbalife.kebronze.com.br\/wp-content\/uploads\/2024\/03\/6-9830-fiberbond-284x300.webp 284w, https:\/\/herbalife.kebronze.com.br\/wp-content\/uploads\/2024\/03\/6-9830-fiberbond-64x68.webp 64w\" sizes=\"(max-width: 303px) 100vw, 303px\" \/>\t\t\t\t\t\t\t\t\t\t\t\t\t<\/div>\n\t\t\t\t<\/div>\n\t\t\t\t<div class=\"elementor-element elementor-element-e9bda75 elementor-widget elementor-widget-heading\" data-id=\"e9bda75\" data-element_type=\"widget\" data-widget_type=\"heading.default\">\n\t\t\t\t<div class=\"elementor-widget-container\">\n\t\t\t<h2 class=\"elementor-heading-title elementor-size-default\">Fiberbond 180 Tabletes\n<\/h2>\t\t<\/div>\n\t\t\t\t<\/div>\n\t\t\t\t<div class=\"elementor-element elementor-element-2e83ed5 elementor-widget elementor-widget-heading\" data-id=\"2e83ed5\" data-element_type=\"widget\" data-widget_type=\"heading.default\">\n\t\t\t\t<div class=\"elementor-widget-container\">\n\t\t\t<h2 class=\"elementor-heading-title elementor-size-default\">SKU 0130\n\n\n<\/h2>\t\t<\/div>\n\t\t\t\t<\/div>\n\t\t\t\t<div class=\"elementor-element elementor-element-5d385d3 elementor-align-center elementor-widget elementor-widget-button\" data-id=\"5d385d3\" data-element_type=\"widget\" data-widget_type=\"button.default\">\n\t\t\t\t<div class=\"elementor-widget-container\">\n\t\t\t\t\t<div class=\"elementor-button-wrapper\">\n\t\t\t<a class=\"elementor-button elementor-button-link elementor-size-sm\" href=\"https:\/\/herbalife.kebronze.com.br\/index.php\/fi\/\">\n\t\t\t\t\t\t<span class=\"elementor-button-content-wrapper\">\n\t\t\t\t\t\t<span class=\"elementor-button-text\">saiba mais<\/span>\n\t\t<\/span>\n\t\t\t\t\t<\/a>\n\t\t<\/div>\n\t\t\t\t<\/div>\n\t\t\t\t<\/div>\n\t\t\t\t\t<\/div>\n\t\t\t\t<\/div>\n\t\t\t\t\t<\/div>\n\t\t\t\t<\/div>\n\t\t<div class=\"elementor-element elementor-element-5e13b47 e-flex e-con-boxed e-con e-parent\" data-id=\"5e13b47\" data-element_type=\"container\" data-settings=\"{&quot;background_background&quot;:&quot;classic&quot;,&quot;content_width&quot;:&quot;boxed&quot;}\" data-core-v316-plus=\"true\">\n\t\t\t\t\t<div class=\"e-con-inner\">\n\t\t\t\t\t<\/div>\n\t\t\t\t<\/div>\n\t\t<div class=\"elementor-element elementor-element-2d36634 e-flex e-con-boxed e-con e-parent\" data-id=\"2d36634\" data-element_type=\"container\" data-settings=\"{&quot;background_background&quot;:&quot;classic&quot;,&quot;content_width&quot;:&quot;boxed&quot;}\" data-core-v316-plus=\"true\">\n\t\t\t\t\t<div class=\"e-con-inner\">\n\t\t<div class=\"elementor-element elementor-element-a20898b e-con-full e-flex e-con e-child\" data-id=\"a20898b\" data-element_type=\"container\" data-settings=\"{&quot;content_width&quot;:&quot;full&quot;}\">\n\t\t\t\t<div class=\"elementor-element elementor-element-6c4a69c elementor-widget elementor-widget-heading\" data-id=\"6c4a69c\" data-element_type=\"widget\" data-widget_type=\"heading.default\">\n\t\t\t\t<div class=\"elementor-widget-container\">\n\t\t\t<h2 class=\"elementor-heading-title elementor-size-default\">COMO FUNCIONA?\n<\/h2>\t\t<\/div>\n\t\t\t\t<\/div>\n\t\t\t\t<div class=\"elementor-element elementor-element-7b908f6 elementor-widget elementor-widget-text-editor\" data-id=\"7b908f6\" data-element_type=\"widget\" data-widget_type=\"text-editor.default\">\n\t\t\t\t<div class=\"elementor-widget-container\">\n\t\t\t<style>\/*! elementor - v3.19.0 - 28-02-2024 *\/\n.elementor-widget-text-editor.elementor-drop-cap-view-stacked .elementor-drop-cap{background-color:#69727d;color:#fff}.elementor-widget-text-editor.elementor-drop-cap-view-framed .elementor-drop-cap{color:#69727d;border:3px solid;background-color:transparent}.elementor-widget-text-editor:not(.elementor-drop-cap-view-default) .elementor-drop-cap{margin-top:8px}.elementor-widget-text-editor:not(.elementor-drop-cap-view-default) .elementor-drop-cap-letter{width:1em;height:1em}.elementor-widget-text-editor .elementor-drop-cap{float:left;text-align:center;line-height:1;font-size:50px}.elementor-widget-text-editor .elementor-drop-cap-letter{display:inline-block}<\/style>\t\t\t\t<p><strong>Voc\u00ea leve, mais feliz e com a imunidade em alta!<\/strong><\/p><p>O Fiber Concentrate Immune \u00e9 um suplemento l\u00edquido concentrado no sabor lim\u00e3o e mel, ideal para o preparo de uma bebida que ir\u00e1 contribuir para a sua imunidade.<\/p><p>Quentinho, frio ou gelado, ele cabe em qualquer ocasi\u00e3o, do caf\u00e9 da manh\u00e3 at\u00e9 a \u00faltima refei\u00e7\u00e3o do dia.<\/p><p>Rico em vitamina C, Zinco, Sel\u00eanio, antioxidantes que ajudam a proteger contra os danos causados pelos radicais livres.\u00a0<\/p><p>Al\u00e9m disso, \u00e9 saboroso, pr\u00e1tico, inteligente e,\u00a0 pode ser preparado apenas com \u00e1gua ou misturado com outros produtos, como ch\u00e1s, sucos e shots.<\/p>\t\t\t\t\t\t<\/div>\n\t\t\t\t<\/div>\n\t\t\t\t<\/div>\n\t\t<div class=\"elementor-element elementor-element-c47fe7a e-con-full e-flex e-con e-child\" data-id=\"c47fe7a\" data-element_type=\"container\" data-settings=\"{&quot;content_width&quot;:&quot;full&quot;}\">\n\t\t\t\t<div class=\"elementor-element elementor-element-e43cdab elementor-widget elementor-widget-heading\" data-id=\"e43cdab\" data-element_type=\"widget\" data-widget_type=\"heading.default\">\n\t\t\t\t<div class=\"elementor-widget-container\">\n\t\t\t<h2 class=\"elementor-heading-title elementor-size-default\">FIBRAS PARA O BOM FUNCIONAMENTO\n<\/h2>\t\t<\/div>\n\t\t\t\t<\/div>\n\t\t\t\t<div class=\"elementor-element elementor-element-a3a0930 elementor-widget elementor-widget-text-editor\" data-id=\"a3a0930\" data-element_type=\"widget\" data-widget_type=\"text-editor.default\">\n\t\t\t\t<div class=\"elementor-widget-container\">\n\t\t\t\t\t\t\t<p>O Fiber Concentrate Immune chega para completar a fam\u00edlia com um novo sabor e um novo benef\u00edcio: ajudar a Imunidade.<\/p><p>Cont\u00e9m fibras prebi\u00f3ticas* que suportam o crescimento de bact\u00e9rias boas, o que contribui para manter o equil\u00edbrio da microbiota. A microbiota equilibrada pode apoiar o funcionamento do sistema imunol\u00f3gico e na sensa\u00e7\u00e3o de bem-estar.<\/p><p>Perfeito para quem deseja melhorar a imunidade, al\u00e9m de te auxiliar a manter um estilo de vida saud\u00e1vel e ativo.<br \/>N\u00e3o deixe que o mau funcionamento do seu intestino estrague o seu dia.<\/p><p>Celebre a sua vers\u00e3o mais saud\u00e1vel com o FIBER CONCENTRATE IMMUNE SABOR LIM\u00c3O E MEL.\u00a0<\/p>\t\t\t\t\t\t<\/div>\n\t\t\t\t<\/div>\n\t\t\t\t<\/div>\n\t\t\t\t\t<\/div>\n\t\t\t\t<\/div>\n\t\t<div class=\"elementor-element elementor-element-74a3a97 e-flex e-con-boxed e-con e-parent\" data-id=\"74a3a97\" data-element_type=\"container\" data-settings=\"{&quot;background_background&quot;:&quot;classic&quot;,&quot;content_width&quot;:&quot;boxed&quot;}\" data-core-v316-plus=\"true\">\n\t\t\t\t\t<div class=\"e-con-inner\">\n\t\t<div class=\"elementor-element elementor-element-cc21d21 e-con-full e-flex e-con e-child\" data-id=\"cc21d21\" data-element_type=\"container\" data-settings=\"{&quot;content_width&quot;:&quot;full&quot;}\">\n\t\t\t\t<div class=\"elementor-element elementor-element-5b0d6cd elementor-widget elementor-widget-image\" data-id=\"5b0d6cd\" data-element_type=\"widget\" data-widget_type=\"image.default\">\n\t\t\t\t<div class=\"elementor-widget-container\">\n\t\t\t\t\t\t\t\t\t\t\t\t\t<img loading=\"lazy\" decoding=\"async\" width=\"550\" height=\"580\" src=\"https:\/\/herbalife.kebronze.com.br\/wp-content\/uploads\/2024\/03\/89-9014c-fiber-concentrate-i.png\" class=\"attachment-large size-large wp-image-412\" alt=\"\" srcset=\"https:\/\/herbalife.kebronze.com.br\/wp-content\/uploads\/2024\/03\/89-9014c-fiber-concentrate-i.png 550w, https:\/\/herbalife.kebronze.com.br\/wp-content\/uploads\/2024\/03\/89-9014c-fiber-concentrate-i-284x300.png 284w, https:\/\/herbalife.kebronze.com.br\/wp-content\/uploads\/2024\/03\/89-9014c-fiber-concentrate-i-64x67.png 64w\" sizes=\"(max-width: 550px) 100vw, 550px\" \/>\t\t\t\t\t\t\t\t\t\t\t\t\t<\/div>\n\t\t\t\t<\/div>\n\t\t\t\t<\/div>\n\t\t<div class=\"elementor-element elementor-element-515021d e-con-full e-flex e-con e-child\" data-id=\"515021d\" data-element_type=\"container\" data-settings=\"{&quot;content_width&quot;:&quot;full&quot;}\">\n\t\t\t\t<div class=\"elementor-element elementor-element-0f5750a elementor-widget elementor-widget-heading\" data-id=\"0f5750a\" data-element_type=\"widget\" data-widget_type=\"heading.default\">\n\t\t\t\t<div class=\"elementor-widget-container\">\n\t\t\t<h2 class=\"elementor-heading-title elementor-size-default\">COMO PREPARAR\n<\/h2>\t\t<\/div>\n\t\t\t\t<\/div>\n\t\t\t\t<div class=\"elementor-element elementor-element-ab57caf elementor-widget elementor-widget-image\" data-id=\"ab57caf\" data-element_type=\"widget\" data-widget_type=\"image.default\">\n\t\t\t\t<div class=\"elementor-widget-container\">\n\t\t\t\t\t\t\t\t\t\t\t\t\t<img loading=\"lazy\" decoding=\"async\" width=\"530\" height=\"300\" src=\"https:\/\/herbalife.kebronze.com.br\/wp-content\/uploads\/2024\/03\/89-5664b-fiber-concentrate-i.png\" class=\"attachment-large size-large wp-image-413\" alt=\"\" srcset=\"https:\/\/herbalife.kebronze.com.br\/wp-content\/uploads\/2024\/03\/89-5664b-fiber-concentrate-i.png 530w, https:\/\/herbalife.kebronze.com.br\/wp-content\/uploads\/2024\/03\/89-5664b-fiber-concentrate-i-300x170.png 300w, https:\/\/herbalife.kebronze.com.br\/wp-content\/uploads\/2024\/03\/89-5664b-fiber-concentrate-i-64x36.png 64w\" sizes=\"(max-width: 530px) 100vw, 530px\" \/>\t\t\t\t\t\t\t\t\t\t\t\t\t<\/div>\n\t\t\t\t<\/div>\n\t\t\t\t<\/div>\n\t\t\t\t\t<\/div>\n\t\t\t\t<\/div>\n\t\t<div class=\"elementor-element elementor-element-dd8df71 e-flex e-con-boxed e-con e-parent\" data-id=\"dd8df71\" data-element_type=\"container\" data-settings=\"{&quot;content_width&quot;:&quot;boxed&quot;}\" data-core-v316-plus=\"true\">\n\t\t\t\t\t<div class=\"e-con-inner\">\n\t\t\t\t<div class=\"elementor-element elementor-element-c88513f elementor-widget elementor-widget-heading\" data-id=\"c88513f\" data-element_type=\"widget\" data-widget_type=\"heading.default\">\n\t\t\t\t<div class=\"elementor-widget-container\">\n\t\t\t<h2 class=\"elementor-heading-title elementor-size-default\">INFORMA\u00c7\u00c3O NUTRICIONAL\n<\/h2>\t\t<\/div>\n\t\t\t\t<\/div>\n\t\t\t\t<div class=\"elementor-element elementor-element-d704907 elementor-widget elementor-widget-image\" data-id=\"d704907\" data-element_type=\"widget\" data-widget_type=\"image.default\">\n\t\t\t\t<div class=\"elementor-widget-container\">\n\t\t\t\t\t\t\t\t\t\t\t\t\t<img loading=\"lazy\" decoding=\"async\" width=\"800\" height=\"852\" src=\"https:\/\/herbalife.kebronze.com.br\/wp-content\/uploads\/2024\/03\/89-3969d-fiber-concentrate-i-962x1024.webp\" class=\"attachment-large size-large wp-image-428\" alt=\"\" srcset=\"https:\/\/herbalife.kebronze.com.br\/wp-content\/uploads\/2024\/03\/89-3969d-fiber-concentrate-i-962x1024.webp 962w, https:\/\/herbalife.kebronze.com.br\/wp-content\/uploads\/2024\/03\/89-3969d-fiber-concentrate-i-282x300.webp 282w, https:\/\/herbalife.kebronze.com.br\/wp-content\/uploads\/2024\/03\/89-3969d-fiber-concentrate-i-768x818.webp 768w, https:\/\/herbalife.kebronze.com.br\/wp-content\/uploads\/2024\/03\/89-3969d-fiber-concentrate-i-1443x1536.webp 1443w, https:\/\/herbalife.kebronze.com.br\/wp-content\/uploads\/2024\/03\/89-3969d-fiber-concentrate-i-1320x1405.webp 1320w, https:\/\/herbalife.kebronze.com.br\/wp-content\/uploads\/2024\/03\/89-3969d-fiber-concentrate-i-600x639.webp 600w, https:\/\/herbalife.kebronze.com.br\/wp-content\/uploads\/2024\/03\/89-3969d-fiber-concentrate-i-64x68.webp 64w, https:\/\/herbalife.kebronze.com.br\/wp-content\/uploads\/2024\/03\/89-3969d-fiber-concentrate-i.webp 1920w\" sizes=\"(max-width: 800px) 100vw, 800px\" \/>\t\t\t\t\t\t\t\t\t\t\t\t\t<\/div>\n\t\t\t\t<\/div>\n\t\t\t\t\t<\/div>\n\t\t\t\t<\/div>\n\t\t\t\t<\/div>\n\t\t","protected":false},"excerpt":{"rendered":"<p>FIBRAS Fiber Concentrate Immune Sabor Lim\u00e3o e Mel 450ml SKU 235K saiba mais Fiber Concentrate Sabor Manga 450ml SKU 0945 saiba mais Fiber Concentrate Sabor Uva 450ml SKU 2140 saiba mais Fiber Powder 275g SKU 0927 saiba mais Fiberbond 180 Tabletes SKU 0130 saiba mais COMO FUNCIONA? Voc\u00ea leve, mais feliz e com a imunidade [&hellip;]<\/p>\n","protected":false},"author":1,"featured_media":0,"parent":0,"menu_order":0,"comment_status":"closed","ping_status":"closed","template":"elementor_header_footer","meta":{"footnotes":""},"_links":{"self":[{"href":"https:\/\/herbalife.kebronze.com.br\/index.php\/wp-json\/wp\/v2\/pages\/14"}],"collection":[{"href":"https:\/\/herbalife.kebronze.com.br\/index.php\/wp-json\/wp\/v2\/pages"}],"about":[{"href":"https:\/\/herbalife.kebronze.com.br\/index.php\/wp-json\/wp\/v2\/types\/page"}],"author":[{"embeddable":true,"href":"https:\/\/herbalife.kebronze.com.br\/index.php\/wp-json\/wp\/v2\/users\/1"}],"replies":[{"embeddable":true,"href":"https:\/\/herbalife.kebronze.com.br\/index.php\/wp-json\/wp\/v2\/comments?post=14"}],"version-history":[{"count":52,"href":"https:\/\/herbalife.kebronze.com.br\/index.php\/wp-json\/wp\/v2\/pages\/14\/revisions"}],"predecessor-version":[{"id":629,"href":"https:\/\/herbalife.kebronze.com.br\/index.php\/wp-json\/wp\/v2\/pages\/14\/revisions\/629"}],"wp:attachment":[{"href":"https:\/\/herbalife.kebronze.com.br\/index.php\/wp-json\/wp\/v2\/media?parent=14"}],"curies":[{"name":"wp","href":"https:\/\/api.w.org\/{rel}","templated":true}]}}